{"id":1201,"date":"2023-04-10T10:31:27","date_gmt":"2023-04-10T10:31:27","guid":{"rendered":"https:\/\/redcapconhispano.com\/?page_id=1201"},"modified":"2026-03-12T16:05:12","modified_gmt":"2026-03-12T16:05:12","slug":"presentaciones-2022","status":"publish","type":"page","link":"https:\/\/redcapconhispano.com\/en\/presentaciones-2022\/","title":{"rendered":"Presentaciones 2022"},"content":{"rendered":"<div data-elementor-type=\"wp-page\" data-elementor-id=\"1201\" class=\"elementor elementor-1201\" data-elementor-post-type=\"page\">\n\t\t\t\t\t\t<section class=\"elementor-section elementor-top-section elementor-element elementor-element-d2f0351 elementor-section-boxed elementor-section-height-default elementor-section-height-default wpr-particle-no wpr-jarallax-no wpr-parallax-no wpr-sticky-section-no\" data-id=\"d2f0351\" data-element_type=\"section\" data-e-type=\"section\">\n\t\t\t\t\t\t<div class=\"elementor-container elementor-column-gap-default\">\n\t\t\t\t\t<div class=\"elementor-column elementor-col-100 elementor-top-column elementor-element elementor-element-5861613\" data-id=\"5861613\" data-element_type=\"column\" data-e-type=\"column\">\n\t\t\t<div class=\"elementor-widget-wrap elementor-element-populated\">\n\t\t\t\t\t\t<div class=\"elementor-element elementor-element-51c9822 elementor-widget elementor-widget-global elementor-global-2124 elementor-widget-button\" data-id=\"51c9822\" data-element_type=\"widget\" data-e-type=\"widget\" data-widget_type=\"button.default\">\n\t\t\t\t<div class=\"elementor-widget-container\">\n\t\t\t\t\t\t\t\t\t<div class=\"elementor-button-wrapper\">\n\t\t\t\t\t<a class=\"elementor-button elementor-button-link elementor-size-sm elementor-animation-grow\" href=\"https:\/\/redcapconhispano.com\/en\/presentaciones\/\" id=\"returnbtn\">\n\t\t\t\t\t\t<span class=\"elementor-button-content-wrapper\">\n\t\t\t\t\t\t<span class=\"elementor-button-icon\">\n\t\t\t\t<i aria-hidden=\"true\" class=\"fas fa-arrow-left\"><\/i>\t\t\t<\/span>\n\t\t\t\t\t\t\t\t\t<span class=\"elementor-button-text\">Regresar<\/span>\n\t\t\t\t\t<\/span>\n\t\t\t\t\t<\/a>\n\t\t\t\t<\/div>\n\t\t\t\t\t\t\t\t<\/div>\n\t\t\t\t<\/div>\n\t\t\t\t\t<\/div>\n\t\t<\/div>\n\t\t\t\t\t<\/div>\n\t\t<\/section>\n\t\t\t\t<section class=\"elementor-section elementor-top-section elementor-element elementor-element-91adbcb elementor-section-boxed elementor-section-height-default elementor-section-height-default wpr-particle-no wpr-jarallax-no wpr-parallax-no wpr-sticky-section-no\" data-id=\"91adbcb\" data-element_type=\"section\" data-e-type=\"section\">\n\t\t\t\t\t\t<div class=\"elementor-container elementor-column-gap-default\">\n\t\t\t\t\t<div class=\"elementor-column elementor-col-100 elementor-top-column elementor-element elementor-element-71682f3\" data-id=\"71682f3\" data-element_type=\"column\" data-e-type=\"column\">\n\t\t\t<div class=\"elementor-widget-wrap elementor-element-populated\">\n\t\t\t\t\t\t<div class=\"elementor-element elementor-element-b40160a elementor-widget elementor-widget-heading\" data-id=\"b40160a\" data-element_type=\"widget\" data-e-type=\"widget\" data-widget_type=\"heading.default\">\n\t\t\t\t<div class=\"elementor-widget-container\">\n\t\t\t\t\t<h2 class=\"elementor-heading-title elementor-size-default\">D\u00eda 1 - Junio 8<\/h2>\t\t\t\t<\/div>\n\t\t\t\t<\/div>\n\t\t\t\t\t<\/div>\n\t\t<\/div>\n\t\t\t\t\t<\/div>\n\t\t<\/section>\n\t\t\t\t<section class=\"elementor-section elementor-top-section elementor-element elementor-element-c0300a2 elementor-section-boxed elementor-section-height-default elementor-section-height-default wpr-particle-no wpr-jarallax-no wpr-parallax-no wpr-sticky-section-no\" data-id=\"c0300a2\" data-element_type=\"section\" data-e-type=\"section\">\n\t\t\t\t\t\t<div class=\"elementor-container elementor-column-gap-default\">\n\t\t\t\t\t<div class=\"elementor-column elementor-col-100 elementor-top-column elementor-element elementor-element-68a16f6\" data-id=\"68a16f6\" data-element_type=\"column\" data-e-type=\"column\">\n\t\t\t<div class=\"elementor-widget-wrap elementor-element-populated\">\n\t\t\t\t\t\t<div class=\"elementor-element elementor-element-8793c43 elementor-widget elementor-widget-text-editor\" data-id=\"8793c43\" data-element_type=\"widget\" data-e-type=\"widget\" data-widget_type=\"text-editor.default\">\n\t\t\t\t<div class=\"elementor-widget-container\">\n\t\t\t\t\t\t\t\t\t<ul><li><a href=\"https:\/\/youtu.be\/BLg-sF5NLlE\" target=\"_blank\" rel=\"noopener\">\u00bfPor qu\u00e9 REDCap? Paul Harris<\/a><\/li><li><a href=\"https:\/\/youtu.be\/5zA07yHcnFQ\" target=\"_blank\" rel=\"noopener\">\u00bfC\u00f3mo consigo REDCap? &#8211; Stephany Duda<\/a><\/li><li><a href=\"https:\/\/youtu.be\/3ffrgylTAzo\" target=\"_blank\" rel=\"noopener\">\u00bfDonde puedo aprender REDCap? &#8211; Mirari Marquez<\/a><\/li><li><a href=\"https:\/\/youtu.be\/hoc3hNQ17hM\" target=\"_blank\" rel=\"noopener\">\u00bfC\u00f3mo personalizar REDCap para m\u00ed instituci\u00f3n? &#8211; Anne Lagomarcino<\/a><\/li><li><a href=\"https:\/\/youtu.be\/yWJb6zyS_ac\" target=\"_blank\" rel=\"noopener\">Seguridad en REDCap &#8211; Oscar Fernando Gil Cifuentes<\/a><\/li><li><a href=\"https:\/\/youtu.be\/_e5h0DSCb3s\" target=\"_blank\" rel=\"noopener\">Modelos de implementaci\u00f3n institucional de REDCap &#8211; Cristobal Carvajal<\/a><\/li><li><a href=\"https:\/\/youtu.be\/Zh6G-5c42AI\" target=\"_blank\" rel=\"noopener\">Ejemplo de implementaci\u00f3n de REDCap en un Hospital de Alta Complejidad &#8211; Mar\u00eda Virginia Kulik<\/a><\/li><li><a href=\"https:\/\/youtu.be\/LdSJz2PHxhY\" target=\"_blank\" rel=\"noopener\">Mesa Redonda <\/a><\/li><\/ul>\t\t\t\t\t\t\t\t<\/div>\n\t\t\t\t<\/div>\n\t\t\t\t\t<\/div>\n\t\t<\/div>\n\t\t\t\t\t<\/div>\n\t\t<\/section>\n\t\t\t\t<section class=\"elementor-section elementor-top-section elementor-element elementor-element-439b213 elementor-section-boxed elementor-section-height-default elementor-section-height-default wpr-particle-no wpr-jarallax-no wpr-parallax-no wpr-sticky-section-no\" data-id=\"439b213\" data-element_type=\"section\" data-e-type=\"section\">\n\t\t\t\t\t\t<div class=\"elementor-container elementor-column-gap-default\">\n\t\t\t\t\t<div class=\"elementor-column elementor-col-100 elementor-top-column elementor-element elementor-element-2f85c21\" data-id=\"2f85c21\" data-element_type=\"column\" data-e-type=\"column\">\n\t\t\t<div class=\"elementor-widget-wrap elementor-element-populated\">\n\t\t\t\t\t\t<div class=\"elementor-element elementor-element-4a283d3 elementor-widget elementor-widget-heading\" data-id=\"4a283d3\" data-element_type=\"widget\" data-e-type=\"widget\" data-widget_type=\"heading.default\">\n\t\t\t\t<div class=\"elementor-widget-container\">\n\t\t\t\t\t<h2 class=\"elementor-heading-title elementor-size-default\">D\u00eda 2 - Junio 15<\/h2>\t\t\t\t<\/div>\n\t\t\t\t<\/div>\n\t\t\t\t\t<\/div>\n\t\t<\/div>\n\t\t\t\t\t<\/div>\n\t\t<\/section>\n\t\t\t\t<section class=\"elementor-section elementor-top-section elementor-element elementor-element-2033289 elementor-section-boxed elementor-section-height-default elementor-section-height-default wpr-particle-no wpr-jarallax-no wpr-parallax-no wpr-sticky-section-no\" data-id=\"2033289\" data-element_type=\"section\" data-e-type=\"section\">\n\t\t\t\t\t\t<div class=\"elementor-container elementor-column-gap-default\">\n\t\t\t\t\t<div class=\"elementor-column elementor-col-100 elementor-top-column elementor-element elementor-element-220c47c\" data-id=\"220c47c\" data-element_type=\"column\" data-e-type=\"column\">\n\t\t\t<div class=\"elementor-widget-wrap elementor-element-populated\">\n\t\t\t\t\t\t<div class=\"elementor-element elementor-element-25c75e4 elementor-widget elementor-widget-text-editor\" data-id=\"25c75e4\" data-element_type=\"widget\" data-e-type=\"widget\" data-widget_type=\"text-editor.default\">\n\t\t\t\t<div class=\"elementor-widget-container\">\n\t\t\t\t\t\t\t\t\t<ul><li><a href=\"https:\/\/youtu.be\/w6qN32oMQEc\" target=\"_blank\" rel=\"noopener\">Captura de datos longitudinal- Mariano De Stefano<\/a><\/li><li><a href=\"https:\/\/youtu.be\/yeNCsg6rVh4\" target=\"_blank\" rel=\"noopener\">Encuestas &#8211; Victor Espinosa<\/a><\/li><li><a href=\"https:\/\/youtu.be\/oQ1-ZIRtZfw\" target=\"_blank\" rel=\"noopener\">Estrategias para abordar encuestas de Conocimientos, Actitudes y Pr\u00e1cticas vinculadas a temas sensibles &#8211; Massiel M\u00e9ndez Jorge<\/a><\/li><li><a href=\"https:\/\/youtu.be\/I_zBSBcdtRc\" target=\"_blank\" rel=\"noopener\">Usos creativos del Piping &#8211; Ignacio Perez<\/a><\/li><li><a href=\"https:\/\/youtu.be\/QtEc_EkVtSw\" target=\"_blank\" rel=\"noopener\">Campos calculados &#8211; Jorge Orozco<br \/><\/a><\/li><li><a href=\"https:\/\/youtu.be\/7h5263ta7fM\" target=\"_blank\" rel=\"noopener\">Action Tags &#8211; Michelle Fernandez<\/a><\/li><li><a href=\"https:\/\/youtu.be\/Yc66qtYgb1w\" target=\"_blank\" rel=\"noopener\">Reportes &#8211; Victor Espinosa<\/a><\/li><li><a href=\"https:\/\/youtu.be\/Qc1OEuA1kZQ\" target=\"_blank\" rel=\"noopener\">Uso de REDCap en un registro cl\u00ednico\/investigaci\u00f3n &#8211; Daniela Simian<\/a><\/li><\/ul>\t\t\t\t\t\t\t\t<\/div>\n\t\t\t\t<\/div>\n\t\t\t\t\t<\/div>\n\t\t<\/div>\n\t\t\t\t\t<\/div>\n\t\t<\/section>\n\t\t\t\t<section class=\"elementor-section elementor-top-section elementor-element elementor-element-754589c elementor-section-boxed elementor-section-height-default elementor-section-height-default wpr-particle-no wpr-jarallax-no wpr-parallax-no wpr-sticky-section-no\" data-id=\"754589c\" data-element_type=\"section\" data-e-type=\"section\">\n\t\t\t\t\t\t<div class=\"elementor-container elementor-column-gap-default\">\n\t\t\t\t\t<div class=\"elementor-column elementor-col-100 elementor-top-column elementor-element elementor-element-7f93f2a\" data-id=\"7f93f2a\" data-element_type=\"column\" data-e-type=\"column\">\n\t\t\t<div class=\"elementor-widget-wrap elementor-element-populated\">\n\t\t\t\t\t\t<div class=\"elementor-element elementor-element-8a34bbd elementor-widget elementor-widget-heading\" data-id=\"8a34bbd\" data-element_type=\"widget\" data-e-type=\"widget\" data-widget_type=\"heading.default\">\n\t\t\t\t<div class=\"elementor-widget-container\">\n\t\t\t\t\t<h2 class=\"elementor-heading-title elementor-size-default\">D\u00eda 3 - Junio 22<\/h2>\t\t\t\t<\/div>\n\t\t\t\t<\/div>\n\t\t\t\t<div class=\"elementor-element elementor-element-b9a62f6 elementor-widget elementor-widget-text-editor\" data-id=\"b9a62f6\" data-element_type=\"widget\" data-e-type=\"widget\" data-widget_type=\"text-editor.default\">\n\t\t\t\t<div class=\"elementor-widget-container\">\n\t\t\t\t\t\t\t\t\t<ul><li><a href=\"https:\/\/youtu.be\/mUFlQ-HggqI\" target=\"_blank\" rel=\"noopener\">Uso de Smart Variables &#8211; Victor Espinosa<\/a><\/li><li><a href=\"https:\/\/youtu.be\/4tB0UiRRd50\" target=\"_blank\" rel=\"noopener\">Recolecci\u00f3n planificada de informaci\u00f3n asistida por Dashboards personalizados (paneles de control de instrumento) &#8211; Jose Oswaldo Coral<br \/><\/a><\/li><li><a href=\"https:\/\/youtu.be\/flnIeI9L5lg\">Explorando el uso eficiente de SNOMED CT en REDCap &#8211; Carol Abril-Tormo<\/a><\/li><li><a href=\"https:\/\/youtu.be\/MhnxiEKYwNE\" target=\"_blank\" rel=\"noopener\">Aleatorizacion &#8211;\u00a0Marian Castillo S\u00e1nchez<\/a><\/li><li><a href=\"https:\/\/youtu.be\/NR4zvrtNB3Q\" target=\"_blank\" rel=\"noopener\">Multilingual &#8211; Alvaro Alvarez<br \/><\/a><\/li><li><a href=\"https:\/\/youtu.be\/i3eFU9ytTZ8\" target=\"_blank\" rel=\"noopener\">Aprovechando REDCap en tu trabajo como administrador &#8211; Anne Lagomarcino<\/a><\/li><li><a href=\"https:\/\/youtu.be\/f_onO3J4jBg\" target=\"_blank\" rel=\"noopener\">Ejemplo de implementaci\u00f3n en REDCap de una estrategia de seguimiento a nivel pa\u00eds para COVID19 &#8211; Daniel Amigo<\/a><\/li><li><a href=\"https:\/\/zoom.us\/rec\/share\/NFHpI2wGW2VnaPMS6KRfJTv-qplXS5HMU1IK9qIMm2NqpxbyqyvPjclgmIdDOEBa.WeE78YUKJjcUDn6z\" target=\"_blank\" rel=\"noopener\">Mesa Redonda<\/a><\/li><\/ul>\t\t\t\t\t\t\t\t<\/div>\n\t\t\t\t<\/div>\n\t\t\t\t\t<\/div>\n\t\t<\/div>\n\t\t\t\t\t<\/div>\n\t\t<\/section>\n\t\t\t\t<section class=\"elementor-section elementor-top-section elementor-element elementor-element-dfadf73 elementor-section-boxed elementor-section-height-default elementor-section-height-default wpr-particle-no wpr-jarallax-no wpr-parallax-no wpr-sticky-section-no\" data-id=\"dfadf73\" data-element_type=\"section\" data-e-type=\"section\">\n\t\t\t\t\t\t<div class=\"elementor-container elementor-column-gap-default\">\n\t\t\t\t\t<div class=\"elementor-column elementor-col-100 elementor-top-column elementor-element elementor-element-412372c\" data-id=\"412372c\" data-element_type=\"column\" data-e-type=\"column\">\n\t\t\t<div class=\"elementor-widget-wrap elementor-element-populated\">\n\t\t\t\t\t\t<div class=\"elementor-element elementor-element-0caf472 elementor-widget elementor-widget-heading\" data-id=\"0caf472\" data-element_type=\"widget\" data-e-type=\"widget\" data-widget_type=\"heading.default\">\n\t\t\t\t<div class=\"elementor-widget-container\">\n\t\t\t\t\t<h2 class=\"elementor-heading-title elementor-size-default\">D\u00eda 4 - Junio 29<\/h2>\t\t\t\t<\/div>\n\t\t\t\t<\/div>\n\t\t\t\t<div class=\"elementor-element elementor-element-f8d7836 elementor-widget elementor-widget-text-editor\" data-id=\"f8d7836\" data-element_type=\"widget\" data-e-type=\"widget\" data-widget_type=\"text-editor.default\">\n\t\t\t\t<div class=\"elementor-widget-container\">\n\t\t\t\t\t\t\t\t\t<ul><li><a href=\"https:\/\/youtu.be\/Tm6w3l2onKI\" target=\"_blank\" rel=\"noopener\">Tarea cron de REDCap &#8211; Daniel Hinostroza<\/a><\/li><li><a href=\"https:\/\/youtu.be\/zjTqMoXLizI\" target=\"_blank\" rel=\"noopener\">Introducci\u00f3n a SQL Din\u00e1mico &#8211; Michelle Fernandez<\/a><\/li><li><a href=\"https:\/\/youtu.be\/vDYlcCr3Dkg\" target=\"_blank\" rel=\"noopener\">Uso API para integraciones (dentro y fuera de redcap) &#8211; Nicole Rodriguez \/ Cristhian Pavez<\/a><\/li><li><a href=\"https:\/\/youtu.be\/R6zSIFWindI\" target=\"_blank\" rel=\"noopener\">Grandes Proyectos y Escalabilidad &#8211; Cristobal Carvajal<\/a><\/li><li><a href=\"https:\/\/youtu.be\/ZEtKKvjvejw\" target=\"_blank\" rel=\"noopener\">Creaci\u00f3n de m\u00f3dulos externos &#8211; Eduardo Morales<\/a><\/li><li><a href=\"https:\/\/youtu.be\/zBKxFFiheQc\" target=\"_blank\" rel=\"noopener\">Plugins\/Hooks &#8211; Cristhian Pavez<\/a><\/li><li><a href=\"https:\/\/youtu.be\/Qa5jBtDPOgo\" target=\"_blank\" rel=\"noopener\">Ejemplo de implementaci\u00f3n en REDCap de un sistema de Notificaciones de Eventos Adversos en un Hospital &#8211; Edgar Mora<\/a><\/li><li><a href=\"https:\/\/youtu.be\/RrjnV_vGdeE\" target=\"_blank\" rel=\"noopener\">\u00bfQu\u00e9 hay de nuevo y qu\u00e9 sigue con REDCap? &#8211; Rob Taylor<\/a><\/li><li><a href=\"https:\/\/zoom.us\/rec\/share\/-0DvpkR4CAVMmza69FD7Vtp98SH35rDVEaSlRw68Ziawz2R1OJcrKke4ehCGCcXi.BHCTTyUcE1jcYK3T\" target=\"_blank\" rel=\"noopener\">Mesa Redonda<\/a><\/li><\/ul>\t\t\t\t\t\t\t\t<\/div>\n\t\t\t\t<\/div>\n\t\t\t\t\t<\/div>\n\t\t<\/div>\n\t\t\t\t\t<\/div>\n\t\t<\/section>\n\t\t\t\t<\/div>","protected":false},"excerpt":{"rendered":"<p>Regresar D\u00eda 1 &#8211; Junio 8 \u00bfPor qu\u00e9 REDCap? Paul Harris \u00bfC\u00f3mo consigo REDCap? &#8211; Stephany Duda \u00bfDonde puedo aprender REDCap? &#8211; Mirari Marquez \u00bfC\u00f3mo personalizar REDCap para m\u00ed instituci\u00f3n?&hellip;<\/p>","protected":false},"author":4,"featured_media":0,"parent":0,"menu_order":0,"comment_status":"closed","ping_status":"closed","template":"","meta":{"om_disable_all_campaigns":false,"footnotes":""},"class_list":["post-1201","page","type-page","status-publish","hentry"],"jetpack_sharing_enabled":true,"_links":{"self":[{"href":"https:\/\/redcapconhispano.com\/en\/wp-json\/wp\/v2\/pages\/1201","targetHints":{"allow":["GET"]}}],"collection":[{"href":"https:\/\/redcapconhispano.com\/en\/wp-json\/wp\/v2\/pages"}],"about":[{"href":"https:\/\/redcapconhispano.com\/en\/wp-json\/wp\/v2\/types\/page"}],"author":[{"embeddable":true,"href":"https:\/\/redcapconhispano.com\/en\/wp-json\/wp\/v2\/users\/4"}],"replies":[{"embeddable":true,"href":"https:\/\/redcapconhispano.com\/en\/wp-json\/wp\/v2\/comments?post=1201"}],"version-history":[{"count":7,"href":"https:\/\/redcapconhispano.com\/en\/wp-json\/wp\/v2\/pages\/1201\/revisions"}],"predecessor-version":[{"id":2141,"href":"https:\/\/redcapconhispano.com\/en\/wp-json\/wp\/v2\/pages\/1201\/revisions\/2141"}],"wp:attachment":[{"href":"https:\/\/redcapconhispano.com\/en\/wp-json\/wp\/v2\/media?parent=1201"}],"curies":[{"name":"wp","href":"https:\/\/api.w.org\/{rel}","templated":true}]}}