{"id":1563,"date":"2024-04-10T23:13:30","date_gmt":"2024-04-10T23:13:30","guid":{"rendered":"https:\/\/redcapconhispano.com\/?page_id=1563"},"modified":"2026-03-12T16:01:50","modified_gmt":"2026-03-12T16:01:50","slug":"presentaciones-2023","status":"publish","type":"page","link":"https:\/\/redcapconhispano.com\/en\/presentaciones-2023\/","title":{"rendered":"Presentaciones &#8211; 2023"},"content":{"rendered":"<div data-elementor-type=\"wp-page\" data-elementor-id=\"1563\" class=\"elementor elementor-1563\" data-elementor-post-type=\"page\">\n\t\t\t\t\t\t<section class=\"elementor-section elementor-top-section elementor-element elementor-element-2a2e177 elementor-section-boxed elementor-section-height-default elementor-section-height-default wpr-particle-no wpr-jarallax-no wpr-parallax-no wpr-sticky-section-no\" data-id=\"2a2e177\" data-element_type=\"section\" data-e-type=\"section\">\n\t\t\t\t\t\t<div class=\"elementor-container elementor-column-gap-default\">\n\t\t\t\t\t<div class=\"elementor-column elementor-col-100 elementor-top-column elementor-element elementor-element-360b8d3\" data-id=\"360b8d3\" data-element_type=\"column\" data-e-type=\"column\">\n\t\t\t<div class=\"elementor-widget-wrap elementor-element-populated\">\n\t\t\t\t\t\t<div class=\"elementor-element elementor-element-50c3526 elementor-widget elementor-widget-global elementor-global-2124 elementor-widget-button\" data-id=\"50c3526\" data-element_type=\"widget\" data-e-type=\"widget\" data-widget_type=\"button.default\">\n\t\t\t\t<div class=\"elementor-widget-container\">\n\t\t\t\t\t\t\t\t\t<div class=\"elementor-button-wrapper\">\n\t\t\t\t\t<a class=\"elementor-button elementor-button-link elementor-size-sm elementor-animation-grow\" href=\"https:\/\/redcapconhispano.com\/en\/presentaciones\/\" id=\"returnbtn\">\n\t\t\t\t\t\t<span class=\"elementor-button-content-wrapper\">\n\t\t\t\t\t\t<span class=\"elementor-button-icon\">\n\t\t\t\t<i aria-hidden=\"true\" class=\"fas fa-arrow-left\"><\/i>\t\t\t<\/span>\n\t\t\t\t\t\t\t\t\t<span class=\"elementor-button-text\">Regresar<\/span>\n\t\t\t\t\t<\/span>\n\t\t\t\t\t<\/a>\n\t\t\t\t<\/div>\n\t\t\t\t\t\t\t\t<\/div>\n\t\t\t\t<\/div>\n\t\t\t\t\t<\/div>\n\t\t<\/div>\n\t\t\t\t\t<\/div>\n\t\t<\/section>\n\t\t\t\t<section class=\"elementor-section elementor-top-section elementor-element elementor-element-b971f4a elementor-section-boxed elementor-section-height-default elementor-section-height-default wpr-particle-no wpr-jarallax-no wpr-parallax-no wpr-sticky-section-no\" data-id=\"b971f4a\" data-element_type=\"section\" data-e-type=\"section\">\n\t\t\t\t\t\t<div class=\"elementor-container elementor-column-gap-default\">\n\t\t\t\t\t<div class=\"elementor-column elementor-col-100 elementor-top-column elementor-element elementor-element-71ac5ed\" data-id=\"71ac5ed\" data-element_type=\"column\" data-e-type=\"column\">\n\t\t\t<div class=\"elementor-widget-wrap elementor-element-populated\">\n\t\t\t\t\t\t<div class=\"elementor-element elementor-element-85ca17e elementor-widget elementor-widget-heading\" data-id=\"85ca17e\" data-element_type=\"widget\" data-e-type=\"widget\" data-widget_type=\"heading.default\">\n\t\t\t\t<div class=\"elementor-widget-container\">\n\t\t\t\t\t<h2 class=\"elementor-heading-title elementor-size-default\">D\u00eda 1 - Junio 8<\/h2>\t\t\t\t<\/div>\n\t\t\t\t<\/div>\n\t\t\t\t<div class=\"elementor-element elementor-element-fae06d7 elementor-widget elementor-widget-text-editor\" data-id=\"fae06d7\" data-element_type=\"widget\" data-e-type=\"widget\" data-widget_type=\"text-editor.default\">\n\t\t\t\t<div class=\"elementor-widget-container\">\n\t\t\t\t\t\t\t\t\t<ul><li><a href=\"https:\/\/youtu.be\/0YgJ2nMtSIU?list=PLUOKfjU7M9wdhj5mB20RKYP58yYU_tezn\" target=\"_blank\" rel=\"noopener\">\u00bfPor qu\u00e9 REDCap? Paul Harris<\/a><\/li><li><a href=\"https:\/\/youtu.be\/3fRdEZRbZVw?list=PLUOKfjU7M9wdhj5mB20RKYP58yYU_tezn\" target=\"_blank\" rel=\"noopener\">Licenciamiento: C\u00f3mo empezar con REDCap &#8211; Stephany Duda<\/a><\/li><li><a href=\"https:\/\/youtu.be\/T-mEthCc5mU?list=PLUOKfjU7M9wdhj5mB20RKYP58yYU_tezn\" target=\"_blank\" rel=\"noopener\">Comparaci\u00f3n de interfaces Web\/App\/MyCap &#8211; Mirari Marquez<\/a><\/li><li><a href=\"https:\/\/youtu.be\/KjrZ7yb6bvE?list=PLUOKfjU7M9wdhj5mB20RKYP58yYU_tezn\" target=\"_blank\" rel=\"noopener\">Modelos de implementaci\u00f3n institucional de REDCap &#8211; Edgar Mora<\/a><\/li><li><a href=\"https:\/\/youtu.be\/dMzlIjqC28g?list=PLUOKfjU7M9wdhj5mB20RKYP58yYU_tezn\" target=\"_blank\" rel=\"noopener\">Modelos de entrenamiento para usuarios finales &#8211; Virginia Kulik<\/a><\/li><li><a href=\"https:\/\/youtu.be\/39ao49GCt-0?list=PLUOKfjU7M9wdhj5mB20RKYP58yYU_tezn\" target=\"_blank\" rel=\"noopener\">C\u00f3mo dise\u00f1ar un proyecto REDCap &#8211; Cristobal Carvajal<\/a><\/li><\/ul>\t\t\t\t\t\t\t\t<\/div>\n\t\t\t\t<\/div>\n\t\t\t\t<div class=\"elementor-element elementor-element-89351b1 elementor-widget elementor-widget-heading\" data-id=\"89351b1\" data-element_type=\"widget\" data-e-type=\"widget\" data-widget_type=\"heading.default\">\n\t\t\t\t<div class=\"elementor-widget-container\">\n\t\t\t\t\t<h2 class=\"elementor-heading-title elementor-size-default\">D\u00eda 2 - Junio 15<\/h2>\t\t\t\t<\/div>\n\t\t\t\t<\/div>\n\t\t\t\t<div class=\"elementor-element elementor-element-2c186fe elementor-widget elementor-widget-text-editor\" data-id=\"2c186fe\" data-element_type=\"widget\" data-e-type=\"widget\" data-widget_type=\"text-editor.default\">\n\t\t\t\t<div class=\"elementor-widget-container\">\n\t\t\t\t\t\t\t\t\t<ul><li><a href=\"https:\/\/youtu.be\/RrfzEVs87B8?list=PLUOKfjU7M9wdhj5mB20RKYP58yYU_tezn\" target=\"_blank\" rel=\"noopener\">Encestas, invitaciones autom\u00e1ticas, survey queue, alertas y notificaciones &#8211; Anne Lagomarcino<\/a><\/li><li><a href=\"https:\/\/youtu.be\/6gCMAlZ965w?list=PLUOKfjU7M9wdhj5mB20RKYP58yYU_tezn\" target=\"_blank\" rel=\"noopener\">Recordatorios de citas &#8211; Jofre Bielsa<\/a><\/li><li><a href=\"https:\/\/youtu.be\/KjggZmyNR0U?list=PLUOKfjU7M9wdhj5mB20RKYP58yYU_tezn\" target=\"_blank\" rel=\"noopener\">Campos calculados &#8211; Michelle Fern\u00e1ndez<\/a><\/li><li><a href=\"https:\/\/youtu.be\/Qefa_d5Khsk?list=PLUOKfjU7M9wdhj5mB20RKYP58yYU_tezn\" target=\"_blank\" rel=\"noopener\">Configuraci\u00f3n de permisos a los usuarios en un proyecto &#8211; Kelly De la Cruz Torralva<\/a><\/li><li><a href=\"https:\/\/youtu.be\/QPNUnSEUpUk?list=PLUOKfjU7M9wdhj5mB20RKYP58yYU_tezn\" target=\"_blank\" rel=\"noopener\">Gesti\u00f3n de permisos de usuarios en estudios multic\u00e9ntricos: recomendaciones y mejores pr\u00e1cticas &#8211; Massiel M\u00e9ndez<br \/><\/a><\/li><li><a href=\"https:\/\/youtu.be\/1OwfJu9eEfM?list=PLUOKfjU7M9wdhj5mB20RKYP58yYU_tezn\" target=\"_blank\" rel=\"noopener\">\u00bfQu\u00e9 hay de nuevo en REDCap y qu\u00e9 sigue? &#8211; Rob Taylor<\/a><\/li><\/ul>\t\t\t\t\t\t\t\t<\/div>\n\t\t\t\t<\/div>\n\t\t\t\t<div class=\"elementor-element elementor-element-97f9693 elementor-widget elementor-widget-heading\" data-id=\"97f9693\" data-element_type=\"widget\" data-e-type=\"widget\" data-widget_type=\"heading.default\">\n\t\t\t\t<div class=\"elementor-widget-container\">\n\t\t\t\t\t<h2 class=\"elementor-heading-title elementor-size-default\">D\u00eda 3 - Junio 22<\/h2>\t\t\t\t<\/div>\n\t\t\t\t<\/div>\n\t\t\t\t<div class=\"elementor-element elementor-element-bf4888e elementor-widget elementor-widget-text-editor\" data-id=\"bf4888e\" data-element_type=\"widget\" data-e-type=\"widget\" data-widget_type=\"text-editor.default\">\n\t\t\t\t<div class=\"elementor-widget-container\">\n\t\t\t\t\t\t\t\t\t<ul><li><a href=\"https:\/\/youtu.be\/oM6-DalV724?list=PLUOKfjU7M9wdhj5mB20RKYP58yYU_tezn\" target=\"_blank\" rel=\"noopener\">Configuraci\u00f3n de estudios longitudinales &#8211; Mariano De Estefano<\/a><\/li><li><a href=\"https:\/\/youtu.be\/HnHfmyCE7H4?list=PLUOKfjU7M9wdhj5mB20RKYP58yYU_tezn\" target=\"_blank\" rel=\"noopener\">Reportes y dashboards en REDCap con un m\u00f3dulo externo &#8211; V\u00edctor Espinosa<br \/><\/a><\/li><li><a href=\"https:\/\/youtu.be\/FLihSN08QGg?list=PLUOKfjU7M9wdhj5mB20RKYP58yYU_tezn\">Manejo multilingua en REDCap &#8211; Oscar Fernando Gil<\/a><\/li><li><a href=\"https:\/\/youtu.be\/mFDKFfx1hqo?list=PLUOKfjU7M9wdhj5mB20RKYP58yYU_tezn\" target=\"_blank\" rel=\"noopener\">Dise\u00f1o de instrumentos: trabajando directamente sobre el diccionario de datos, importar instrumentos, archivos xml &#8211; Mar\u00eda Olano y Vanesa Moreno<\/a><\/li><\/ul>\t\t\t\t\t\t\t\t<\/div>\n\t\t\t\t<\/div>\n\t\t\t\t<div class=\"elementor-element elementor-element-e24b85c elementor-widget elementor-widget-heading\" data-id=\"e24b85c\" data-element_type=\"widget\" data-e-type=\"widget\" data-widget_type=\"heading.default\">\n\t\t\t\t<div class=\"elementor-widget-container\">\n\t\t\t\t\t<h2 class=\"elementor-heading-title elementor-size-default\">D\u00eda 4 - Junio 29<\/h2>\t\t\t\t<\/div>\n\t\t\t\t<\/div>\n\t\t\t\t<div class=\"elementor-element elementor-element-bf0ff67 elementor-widget elementor-widget-text-editor\" data-id=\"bf0ff67\" data-element_type=\"widget\" data-e-type=\"widget\" data-widget_type=\"text-editor.default\">\n\t\t\t\t<div class=\"elementor-widget-container\">\n\t\t\t\t\t\t\t\t\t<ul><li><a href=\"https:\/\/youtu.be\/bYxRnWd2GoU?list=PLUOKfjU7M9wdhj5mB20RKYP58yYU_tezn\" target=\"_blank\" rel=\"noopener\">Inteligencia artificial y REDCap &#8211; Javier Paz\u00f3<\/a><\/li><li><a href=\"https:\/\/youtu.be\/EgJNzZeS3Uw?list=PLUOKfjU7M9wdhj5mB20RKYP58yYU_tezn\" target=\"_blank\" rel=\"noopener\">M\u00f3dulo externo: comparaci\u00f3n de versiones de diccionario de datos &#8211; Eva Bascompte<\/a><\/li><li><a href=\"https:\/\/youtu.be\/Y7Q8yBLhvSs?list=PLUOKfjU7M9wdhj5mB20RKYP58yYU_tezn\" target=\"_blank\" rel=\"noopener\">Consideraciones en la actualizaci\u00f3n REDCap &#8211; Jorge Orozco<\/a><\/li><li><a href=\"https:\/\/youtu.be\/npU3qSMdxtY?list=PLUOKfjU7M9wdhj5mB20RKYP58yYU_tezn\" target=\"_blank\" rel=\"noopener\">Control center y recomendaciones para administradores REDCap &#8211; Cristopher Gumera<\/a><\/li><li><a href=\"https:\/\/youtu.be\/m3KeLyvGGZk?list=PLUOKfjU7M9wdhj5mB20RKYP58yYU_tezn\" target=\"_blank\" rel=\"noopener\">Uso API para REDCap &#8211; Eduardo Morales<\/a><\/li><li><a href=\"https:\/\/www.youtube.com\/watch?v=5nEf_pCTVrA&amp;list=PLUOKfjU7M9wdhj5mB20RKYP58yYU_tezn&amp;index=19\" target=\"_blank\" rel=\"noopener\">Repositorio de Datos Cl\u00ednicos e Interoperabilidad &#8211; Esteban Hebel<\/a><\/li><\/ul>\t\t\t\t\t\t\t\t<\/div>\n\t\t\t\t<\/div>\n\t\t\t\t\t<\/div>\n\t\t<\/div>\n\t\t\t\t\t<\/div>\n\t\t<\/section>\n\t\t\t\t<\/div>","protected":false},"excerpt":{"rendered":"<p>Regresar D\u00eda 1 &#8211; Junio 8 \u00bfPor qu\u00e9 REDCap? Paul Harris Licenciamiento: C\u00f3mo empezar con REDCap &#8211; Stephany Duda Comparaci\u00f3n de interfaces Web\/App\/MyCap &#8211; Mirari Marquez Modelos de implementaci\u00f3n institucional&hellip;<\/p>","protected":false},"author":7,"featured_media":0,"parent":0,"menu_order":0,"comment_status":"closed","ping_status":"closed","template":"","meta":{"om_disable_all_campaigns":false,"footnotes":""},"class_list":["post-1563","page","type-page","status-publish","hentry"],"jetpack_sharing_enabled":true,"_links":{"self":[{"href":"https:\/\/redcapconhispano.com\/en\/wp-json\/wp\/v2\/pages\/1563","targetHints":{"allow":["GET"]}}],"collection":[{"href":"https:\/\/redcapconhispano.com\/en\/wp-json\/wp\/v2\/pages"}],"about":[{"href":"https:\/\/redcapconhispano.com\/en\/wp-json\/wp\/v2\/types\/page"}],"author":[{"embeddable":true,"href":"https:\/\/redcapconhispano.com\/en\/wp-json\/wp\/v2\/users\/7"}],"replies":[{"embeddable":true,"href":"https:\/\/redcapconhispano.com\/en\/wp-json\/wp\/v2\/comments?post=1563"}],"version-history":[{"count":10,"href":"https:\/\/redcapconhispano.com\/en\/wp-json\/wp\/v2\/pages\/1563\/revisions"}],"predecessor-version":[{"id":2138,"href":"https:\/\/redcapconhispano.com\/en\/wp-json\/wp\/v2\/pages\/1563\/revisions\/2138"}],"wp:attachment":[{"href":"https:\/\/redcapconhispano.com\/en\/wp-json\/wp\/v2\/media?parent=1563"}],"curies":[{"name":"wp","href":"https:\/\/api.w.org\/{rel}","templated":true}]}}