{"id":182,"date":"2021-04-05T16:14:53","date_gmt":"2021-04-05T16:14:53","guid":{"rendered":"https:\/\/redcapconhispano.com\/?page_id=182"},"modified":"2024-04-19T21:00:45","modified_gmt":"2024-04-19T21:00:45","slug":"acerca-de-redcap","status":"publish","type":"page","link":"https:\/\/redcapconhispano.com\/en\/acerca-de-redcap\/","title":{"rendered":"Acerca de REDCap"},"content":{"rendered":"<div data-elementor-type=\"wp-page\" data-elementor-id=\"182\" class=\"elementor elementor-182\" data-elementor-post-type=\"page\">\n\t\t\t\t\t\t<section class=\"elementor-section elementor-top-section elementor-element elementor-element-f1af1fe elementor-section-boxed elementor-section-height-default elementor-section-height-default wpr-particle-no wpr-jarallax-no wpr-parallax-no wpr-sticky-section-no\" data-id=\"f1af1fe\" data-element_type=\"section\" data-e-type=\"section\">\n\t\t\t\t\t\t<div class=\"elementor-container elementor-column-gap-default\">\n\t\t\t\t\t<div class=\"elementor-column elementor-col-100 elementor-top-column elementor-element elementor-element-3872b23\" data-id=\"3872b23\" data-element_type=\"column\" data-e-type=\"column\">\n\t\t\t<div class=\"elementor-widget-wrap elementor-element-populated\">\n\t\t\t\t\t\t<div class=\"elementor-element elementor-element-0f5b538 elementor-widget elementor-widget-text-editor\" data-id=\"0f5b538\" data-element_type=\"widget\" data-e-type=\"widget\" data-widget_type=\"text-editor.default\">\n\t\t\t\t<div class=\"elementor-widget-container\">\n\t\t\t\t\t\t\t\t\t<p><strong>REDCap<\/strong> es una aplicaci\u00f3n web segura para construir y administrar encuestas y bases de datos en l\u00ednea. Mientras que REDCap puede usarse para registrar virtualmente cualquier tipo de datos en cualquier ambiente (incluyendo las normas de CFR 21 Parte 11, FISMA, HIPAA y GDPR \u2013por sus siglas en ingl\u00e9s-), ha sido espec\u00edficamente desarrollado para apoyar la captura de datos en l\u00ednea -y sin conectarse a la red- para estudios de investigaci\u00f3n y operaciones en general. El Consorcio de REDCap, una vasta red de colaboradores, se compone de miles de socios institucionales activos provenientes de m\u00e1s de cien pa\u00edses que utilizan y apoyan sus propios sistemas de REDCap. Por favor visite la p\u00e1gina <a href=\"https:\/\/projectredcap.org\/partners\/join\/\">para unirse al Consorcio<\/a> y conocer la forma en que organizaciones sin fines de lucro se pueden unir, o explore la primera secci\u00f3n del sitio oficial sobre <a href=\"https:\/\/projectredcap.org\/about\/faq\/\">Preguntas Frecuentes<\/a> para acceder a otras opciones (sitio en ingl\u00e9s).<\/p>\t\t\t\t\t\t\t\t<\/div>\n\t\t\t\t<\/div>\n\t\t\t\t\t<\/div>\n\t\t<\/div>\n\t\t\t\t\t<\/div>\n\t\t<\/section>\n\t\t\t\t<\/div>","protected":false},"excerpt":{"rendered":"<p>REDCap es una aplicaci\u00f3n web segura para construir y administrar encuestas y bases de datos en l\u00ednea. Mientras que REDCap puede usarse para registrar virtualmente cualquier tipo de datos en&hellip;<\/p>","protected":false},"author":1,"featured_media":0,"parent":0,"menu_order":0,"comment_status":"closed","ping_status":"closed","template":"","meta":{"om_disable_all_campaigns":false,"footnotes":""},"class_list":["post-182","page","type-page","status-publish","hentry"],"jetpack_sharing_enabled":true,"_links":{"self":[{"href":"https:\/\/redcapconhispano.com\/en\/wp-json\/wp\/v2\/pages\/182","targetHints":{"allow":["GET"]}}],"collection":[{"href":"https:\/\/redcapconhispano.com\/en\/wp-json\/wp\/v2\/pages"}],"about":[{"href":"https:\/\/redcapconhispano.com\/en\/wp-json\/wp\/v2\/types\/page"}],"author":[{"embeddable":true,"href":"https:\/\/redcapconhispano.com\/en\/wp-json\/wp\/v2\/users\/1"}],"replies":[{"embeddable":true,"href":"https:\/\/redcapconhispano.com\/en\/wp-json\/wp\/v2\/comments?post=182"}],"version-history":[{"count":16,"href":"https:\/\/redcapconhispano.com\/en\/wp-json\/wp\/v2\/pages\/182\/revisions"}],"predecessor-version":[{"id":1733,"href":"https:\/\/redcapconhispano.com\/en\/wp-json\/wp\/v2\/pages\/182\/revisions\/1733"}],"wp:attachment":[{"href":"https:\/\/redcapconhispano.com\/en\/wp-json\/wp\/v2\/media?parent=182"}],"curies":[{"name":"wp","href":"https:\/\/api.w.org\/{rel}","templated":true}]}}