{"id":554,"date":"2021-05-06T21:55:56","date_gmt":"2021-05-06T21:55:56","guid":{"rendered":"https:\/\/redcapconhispano.com\/?page_id=554"},"modified":"2025-05-20T21:37:58","modified_gmt":"2025-05-20T21:37:58","slug":"programa","status":"publish","type":"page","link":"https:\/\/redcapconhispano.com\/en\/programa\/","title":{"rendered":"Programa"},"content":{"rendered":"<div data-elementor-type=\"wp-page\" data-elementor-id=\"554\" class=\"elementor elementor-554\" data-elementor-post-type=\"page\">\n\t\t\t\t\t\t<section class=\"elementor-section elementor-top-section elementor-element elementor-element-75d1ade elementor-section-boxed elementor-section-height-default elementor-section-height-default wpr-particle-no wpr-jarallax-no wpr-parallax-no wpr-sticky-section-no\" data-id=\"75d1ade\" data-element_type=\"section\" data-e-type=\"section\">\n\t\t\t\t\t\t<div class=\"elementor-container elementor-column-gap-default\">\n\t\t\t\t\t<div class=\"elementor-column elementor-col-100 elementor-top-column elementor-element elementor-element-672f3ac\" data-id=\"672f3ac\" data-element_type=\"column\" data-e-type=\"column\">\n\t\t\t<div class=\"elementor-widget-wrap elementor-element-populated\">\n\t\t\t\t\t\t<div class=\"elementor-element elementor-element-5208268 elementor-tabs-view-horizontal elementor-widget elementor-widget-tabs\" data-id=\"5208268\" data-element_type=\"widget\" data-e-type=\"widget\" data-widget_type=\"tabs.default\">\n\t\t\t\t<div class=\"elementor-widget-container\">\n\t\t\t\t\t\t\t<div class=\"elementor-tabs\">\n\t\t\t<div class=\"elementor-tabs-wrapper\" role=\"tablist\" >\n\t\t\t\t\t\t\t\t\t<div id=\"elementor-tab-title-8601\" class=\"elementor-tab-title elementor-tab-desktop-title\" aria-selected=\"true\" data-tab=\"1\" role=\"tab\" tabindex=\"0\" aria-controls=\"elementor-tab-content-8601\" aria-expanded=\"false\">Junio 4<\/div>\n\t\t\t\t\t\t\t\t\t<div id=\"elementor-tab-title-8602\" class=\"elementor-tab-title elementor-tab-desktop-title\" aria-selected=\"false\" data-tab=\"2\" role=\"tab\" tabindex=\"-1\" aria-controls=\"elementor-tab-content-8602\" aria-expanded=\"false\">Junio 11<\/div>\n\t\t\t\t\t\t\t\t\t<div id=\"elementor-tab-title-8603\" class=\"elementor-tab-title elementor-tab-desktop-title\" aria-selected=\"false\" data-tab=\"3\" role=\"tab\" tabindex=\"-1\" aria-controls=\"elementor-tab-content-8603\" aria-expanded=\"false\">Junio 18<\/div>\n\t\t\t\t\t\t\t\t\t<div id=\"elementor-tab-title-8604\" class=\"elementor-tab-title elementor-tab-desktop-title\" aria-selected=\"false\" data-tab=\"4\" role=\"tab\" tabindex=\"-1\" aria-controls=\"elementor-tab-content-8604\" aria-expanded=\"false\">Junio 25<\/div>\n\t\t\t\t\t\t\t<\/div>\n\t\t\t<div class=\"elementor-tabs-content-wrapper\" role=\"tablist\" aria-orientation=\"vertical\">\n\t\t\t\t\t\t\t\t\t<div class=\"elementor-tab-title elementor-tab-mobile-title\" aria-selected=\"true\" data-tab=\"1\" role=\"tab\" tabindex=\"0\" aria-controls=\"elementor-tab-content-8601\" aria-expanded=\"false\">Junio 4<\/div>\n\t\t\t\t\t<div id=\"elementor-tab-content-8601\" class=\"elementor-tab-content elementor-clearfix\" data-tab=\"1\" role=\"tabpanel\" aria-labelledby=\"elementor-tab-title-8601\" tabindex=\"0\" hidden=\"false\"><h5><strong>Intro d\u00eda 1: Primeros pasos con REDCap<\/strong><\/h5><ul><li><h6>Presentacion<\/h6><\/li><li><h6>\u00bfQue hay de nuevo que sigue?<\/h6><\/li><li><h6>\u00bfQu\u00e9 es REDcap?<\/h6><\/li><li><h6>Empezar en REDCap: Requisitos Clave para tu Solicitud<\/h6><\/li><li><h6>Recursos para administradores<\/h6><\/li><li><h6>Proceso de instalaci\u00f3n de REDCap para un ambiente de desarrollo (es decir no producci\u00f3n)<\/h6><\/li><\/ul><\/div>\n\t\t\t\t\t\t\t\t\t<div class=\"elementor-tab-title elementor-tab-mobile-title\" aria-selected=\"false\" data-tab=\"2\" role=\"tab\" tabindex=\"-1\" aria-controls=\"elementor-tab-content-8602\" aria-expanded=\"false\">Junio 11<\/div>\n\t\t\t\t\t<div id=\"elementor-tab-content-8602\" class=\"elementor-tab-content elementor-clearfix\" data-tab=\"2\" role=\"tabpanel\" aria-labelledby=\"elementor-tab-title-8602\" tabindex=\"0\" hidden=\"hidden\"><h5><strong>Intro D\u00eda 2: Usos de REDCap: B\u00e1sico<\/strong><\/h5><ul><li><h6>Sumamos Excelencia: Proyecto de implantaci\u00f3n de recomendaciones basadas en la evidencia en el Sistema Nacional de Salud espa\u00f1ol<\/h6><\/li><li><h6>Nuevas caracter\u00edsticas para administradores<\/h6><\/li><li><h6>C\u00f3mo se puede trabajar directamente sobre los diccionarios de datos y evitar un esfuerzo adicional que se realiza al utilizar le dise\u00f1ador<\/h6><\/li><li><h6>Personalizaci\u00f3n de reportes.<\/h6><\/li><li><h6>Caso de uso: \u00abPerfil de la mujer embarazada que sufre diabetes gestacional\u00bb.<\/h6><\/li><\/ul><\/div>\n\t\t\t\t\t\t\t\t\t<div class=\"elementor-tab-title elementor-tab-mobile-title\" aria-selected=\"false\" data-tab=\"3\" role=\"tab\" tabindex=\"-1\" aria-controls=\"elementor-tab-content-8603\" aria-expanded=\"false\">Junio 18<\/div>\n\t\t\t\t\t<div id=\"elementor-tab-content-8603\" class=\"elementor-tab-content elementor-clearfix\" data-tab=\"3\" role=\"tabpanel\" aria-labelledby=\"elementor-tab-title-8603\" tabindex=\"0\" hidden=\"hidden\"><h5><strong>Intro d\u00eda 3: Usos de REDCap: Intermedio<\/strong><\/h5><ul><li><h6>Implementacion de RedCap para realizaci\u00f3n de registros cl\u00ednicos de enfermedades no transmisibles: experiencia chilena.<\/h6><\/li><li><h6>Consideraciones \u00e9ticas y regulatorias en la implementaci\u00f3n de e- FCI. &#8211; Experiencia del Centro de Investigaciones HUSI. &#8211; Retos en la adopci\u00f3n del e-FCI.<\/h6><\/li><li><h6>Programa de gesti\u00f3n de ingreso hospitalario<\/h6><\/li><li><h6>Buenas pr\u00e1cticas para el monitoreo de datos en REDCap<\/h6><\/li><li><h6>Uso de IA como ayuda en REDCap<\/h6><\/li><\/ul><\/div>\n\t\t\t\t\t\t\t\t\t<div class=\"elementor-tab-title elementor-tab-mobile-title\" aria-selected=\"false\" data-tab=\"4\" role=\"tab\" tabindex=\"-1\" aria-controls=\"elementor-tab-content-8604\" aria-expanded=\"false\">Junio 25<\/div>\n\t\t\t\t\t<div id=\"elementor-tab-content-8604\" class=\"elementor-tab-content elementor-clearfix\" data-tab=\"4\" role=\"tabpanel\" aria-labelledby=\"elementor-tab-title-8604\" tabindex=\"0\" hidden=\"hidden\"><h5><strong>Intro d\u00eda 4: Usos de REDCap: Avanzado<\/strong><\/h5><ul><li><h6>Un ejemplo de como hacer tu proprio action-tag<\/h6><\/li><li><h6>\u00abFormularios complejos, funciones de c\u00e1lculo avanzadas, y m\u00f3dulos externos para gesti\u00f3n de im\u00e1genes interactivas. Creaci\u00f3n de informes en tiempo real\u00bb.<\/h6><\/li><li><h6>Inteligencia artificial aplicado a REDcap<\/h6><\/li><li><h6>Aplicaci\u00f3n del sistema de estandarizaci\u00f3n CDISC en las formas REDCap<\/h6><\/li><li><h6>Integraci\u00f3n en R de visualizaci\u00f3n especifica a un proyecto.<\/h6><\/li><li><h6>Integraci\u00f3n de REDCap con Power BI<\/h6><\/li><\/ul><\/div>\n\t\t\t\t\t\t\t<\/div>\n\t\t<\/div>\n\t\t\t\t\t\t<\/div>\n\t\t\t\t<\/div>\n\t\t\t\t\t<\/div>\n\t\t<\/div>\n\t\t\t\t\t<\/div>\n\t\t<\/section>\n\t\t\t\t<\/div>","protected":false},"excerpt":{"rendered":"<p>Junio 4 Junio 11 Junio 18 Junio 25 Junio 4 Intro d\u00eda 1: Primeros pasos con REDCap Presentacion \u00bfQue hay de nuevo que sigue? \u00bfQu\u00e9 es REDcap? Empezar en REDCap:&hellip;<\/p>","protected":false},"author":1,"featured_media":0,"parent":0,"menu_order":0,"comment_status":"closed","ping_status":"closed","template":"","meta":{"om_disable_all_campaigns":false,"footnotes":""},"class_list":["post-554","page","type-page","status-publish","hentry"],"jetpack_sharing_enabled":true,"_links":{"self":[{"href":"https:\/\/redcapconhispano.com\/en\/wp-json\/wp\/v2\/pages\/554","targetHints":{"allow":["GET"]}}],"collection":[{"href":"https:\/\/redcapconhispano.com\/en\/wp-json\/wp\/v2\/pages"}],"about":[{"href":"https:\/\/redcapconhispano.com\/en\/wp-json\/wp\/v2\/types\/page"}],"author":[{"embeddable":true,"href":"https:\/\/redcapconhispano.com\/en\/wp-json\/wp\/v2\/users\/1"}],"replies":[{"embeddable":true,"href":"https:\/\/redcapconhispano.com\/en\/wp-json\/wp\/v2\/comments?post=554"}],"version-history":[{"count":127,"href":"https:\/\/redcapconhispano.com\/en\/wp-json\/wp\/v2\/pages\/554\/revisions"}],"predecessor-version":[{"id":2087,"href":"https:\/\/redcapconhispano.com\/en\/wp-json\/wp\/v2\/pages\/554\/revisions\/2087"}],"wp:attachment":[{"href":"https:\/\/redcapconhispano.com\/en\/wp-json\/wp\/v2\/media?parent=554"}],"curies":[{"name":"wp","href":"https:\/\/api.w.org\/{rel}","templated":true}]}}